{"id":97,"date":"2025-07-10T12:28:21","date_gmt":"2025-07-10T12:28:21","guid":{"rendered":"https:\/\/goldautoauvergne.fr\/?page_id=97"},"modified":"2025-07-20T10:26:36","modified_gmt":"2025-07-20T10:26:36","slug":"politiques-de-confidentialites","status":"publish","type":"page","link":"https:\/\/goldautoauvergne.fr\/index.php\/politiques-de-confidentialites\/","title":{"rendered":"Politiques de confidentialit\u00e9s"},"content":{"rendered":"\t\t<div data-elementor-type=\"wp-page\" data-elementor-id=\"97\" class=\"elementor elementor-97\" data-elementor-post-type=\"page\">\n\t\t\t\t<div class=\"elementor-element elementor-element-ab56e4f e-flex e-con-boxed elementor-invisible e-con e-parent\" data-id=\"ab56e4f\" data-element_type=\"container\" data-e-type=\"container\" data-settings=\"{&quot;background_background&quot;:&quot;classic&quot;,&quot;animation&quot;:&quot;fadeInRight&quot;}\">\n\t\t\t\t\t<div class=\"e-con-inner\">\n\t\t<div class=\"elementor-element elementor-element-d427c13 e-con-full e-flex e-con e-child\" data-id=\"d427c13\" data-element_type=\"container\" data-e-type=\"container\">\n\t\t<div class=\"elementor-element elementor-element-df88ef6 e-con-full e-flex elementor-invisible e-con e-child\" data-id=\"df88ef6\" data-element_type=\"container\" data-e-type=\"container\" data-settings=\"{&quot;background_background&quot;:&quot;classic&quot;,&quot;animation&quot;:&quot;fadeInLeft&quot;}\">\n\t\t\t\t<div class=\"elementor-element elementor-element-1e37e5d elementor-invisible elementor-widget elementor-widget-text-editor\" data-id=\"1e37e5d\" data-element_type=\"widget\" data-e-type=\"widget\" data-settings=\"{&quot;_animation&quot;:&quot;fadeInRight&quot;}\" data-widget_type=\"text-editor.default\">\n\t\t\t\t\t\t\t\t\t<p><span style=\"color: #000000;\">Politique de<\/span> Confidentialit\u00e9<\/p>\t\t\t\t\t\t\t\t<\/div>\n\t\t\t\t<\/div>\n\t\t\t\t<\/div>\n\t\t\t\t\t<\/div>\n\t\t\t\t<\/div>\n\t\t<div class=\"elementor-element elementor-element-45dc4bb e-flex e-con-boxed elementor-invisible e-con e-parent\" data-id=\"45dc4bb\" data-element_type=\"container\" data-e-type=\"container\" data-settings=\"{&quot;animation&quot;:&quot;fadeInUp&quot;}\">\n\t\t\t\t\t<div class=\"e-con-inner\">\n\t\t<div class=\"elementor-element elementor-element-329d3fa e-con-full e-flex e-con e-child\" data-id=\"329d3fa\" data-element_type=\"container\" data-e-type=\"container\">\n\t\t\t\t<div class=\"elementor-element elementor-element-c550281 elementor-widget elementor-widget-text-editor\" data-id=\"c550281\" data-element_type=\"widget\" data-e-type=\"widget\" data-widget_type=\"text-editor.default\">\n\t\t\t\t\t\t\t\t\t<p data-start=\"383\" data-end=\"670\">Chez <b>Gold Auto Auvergne<\/b>, nous attachons une grande importance \u00e0 la protection de vos donn\u00e9es personnelles. Cette politique de confidentialit\u00e9 a pour but de vous informer de mani\u00e8re claire et transparente sur la mani\u00e8re dont nous collectons, utilisons et prot\u00e9geons vos informations personnelles.<\/p>\n<hr data-start=\"672\" data-end=\"675\">\n<h3 data-start=\"677\" data-end=\"706\"><strong data-start=\"681\" data-end=\"706\">1. Donn\u00e9es collect\u00e9es<\/strong><\/h3>\n<p data-start=\"708\" data-end=\"759\">Nous pouvons collecter les informations suivantes :<\/p>\n<ul data-start=\"761\" data-end=\"997\">\n<li data-start=\"761\" data-end=\"778\">\n<p data-start=\"763\" data-end=\"778\">Nom et pr\u00e9nom<\/p>\n<\/li>\n<li data-start=\"779\" data-end=\"797\">\n<p data-start=\"781\" data-end=\"797\">Adresse e-mail<\/p>\n<\/li>\n<li data-start=\"798\" data-end=\"821\">\n<p data-start=\"800\" data-end=\"821\">Num\u00e9ro de t\u00e9l\u00e9phone<\/p>\n<\/li>\n<li data-start=\"822\" data-end=\"904\">\n<p data-start=\"824\" data-end=\"904\">Informations techniques (adresse IP, type de navigateur, pages visit\u00e9es, etc.)<\/p>\n<\/li>\n<li data-start=\"905\" data-end=\"997\">\n<p data-start=\"907\" data-end=\"997\">Toute autre information que vous choisissez de nous fournir via nos formulaires de contact<\/p>\n<\/li>\n<\/ul>\n<hr data-start=\"999\" data-end=\"1002\">\n<h3 data-start=\"1004\" data-end=\"1038\"><strong data-start=\"1008\" data-end=\"1038\">2. Utilisation des donn\u00e9es<\/strong><\/h3>\n<p data-start=\"1040\" data-end=\"1084\">Les donn\u00e9es collect\u00e9es sont utilis\u00e9es pour :<\/p>\n<ul data-start=\"1086\" data-end=\"1311\">\n<li data-start=\"1086\" data-end=\"1142\">\n<p data-start=\"1088\" data-end=\"1142\">R\u00e9pondre \u00e0 vos demandes via le formulaire de contact<\/p>\n<\/li>\n<li data-start=\"1143\" data-end=\"1204\">\n<p data-start=\"1145\" data-end=\"1204\">Am\u00e9liorer notre site internet et l\u2019exp\u00e9rience utilisateur<\/p>\n<\/li>\n<li data-start=\"1205\" data-end=\"1237\">\n<p data-start=\"1207\" data-end=\"1237\">Garantir la s\u00e9curit\u00e9 du site<\/p>\n<\/li>\n<li data-start=\"1238\" data-end=\"1311\">\n<p data-start=\"1240\" data-end=\"1311\">Analyser l\u2019audience via des outils statistiques (ex : Google Analytics)<\/p>\n<\/li>\n<\/ul>\n<hr data-start=\"1313\" data-end=\"1316\">\n<h3 data-start=\"1318\" data-end=\"1336\"><strong data-start=\"1322\" data-end=\"1336\">3. Cookies<\/strong><\/h3>\n<p data-start=\"1338\" data-end=\"1371\">Nous utilisons des cookies pour :<\/p>\n<ul data-start=\"1373\" data-end=\"1516\">\n<li data-start=\"1373\" data-end=\"1412\">\n<p data-start=\"1375\" data-end=\"1412\">Faciliter la navigation sur le site<\/p>\n<\/li>\n<li data-start=\"1413\" data-end=\"1466\">\n<p data-start=\"1415\" data-end=\"1466\">Mesurer la fr\u00e9quentation et l&#8217;utilisation du site<\/p>\n<\/li>\n<li data-start=\"1467\" data-end=\"1516\">\n<p data-start=\"1469\" data-end=\"1516\">Personnaliser l\u2019affichage selon vos pr\u00e9f\u00e9rences<\/p>\n<\/li>\n<\/ul>\n<p data-start=\"1518\" data-end=\"1602\">Vous pouvez g\u00e9rer ou d\u00e9sactiver les cookies dans les param\u00e8tres de votre navigateur.<\/p>\n<hr data-start=\"1604\" data-end=\"1607\">\n<h3 data-start=\"1609\" data-end=\"1639\"><strong data-start=\"1613\" data-end=\"1639\">4. Partage des donn\u00e9es<\/strong><\/h3>\n<p data-start=\"1641\" data-end=\"1849\">Vos donn\u00e9es personnelles <strong data-start=\"1666\" data-end=\"1710\">ne sont pas vendues, \u00e9chang\u00e9es ou lou\u00e9es<\/strong> \u00e0 des tiers. Elles peuvent \u00eatre partag\u00e9es uniquement avec nos prestataires techniques de confiance, dans le respect de la confidentialit\u00e9.<\/p>\n<hr data-start=\"1851\" data-end=\"1854\">\n<h3 data-start=\"1856\" data-end=\"1875\"><strong data-start=\"1860\" data-end=\"1875\">5. S\u00e9curit\u00e9<\/strong><\/h3>\n<p data-start=\"1877\" data-end=\"2042\">Nous mettons en \u0153uvre toutes les mesures techniques et organisationnelles n\u00e9cessaires pour prot\u00e9ger vos donn\u00e9es contre tout acc\u00e8s non autoris\u00e9, perte ou divulgation.<\/p>\n<hr data-start=\"2044\" data-end=\"2047\">\n<h3 data-start=\"2049\" data-end=\"2070\"><strong data-start=\"2053\" data-end=\"2070\">6. Vos droits<\/strong><\/h3>\n<p data-start=\"2072\" data-end=\"2159\">Conform\u00e9ment \u00e0 la r\u00e9glementation applicable (RGPD), vous disposez des droits suivants :<\/p>\n<ul data-start=\"2161\" data-end=\"2351\">\n<li data-start=\"2161\" data-end=\"2192\">\n<p data-start=\"2163\" data-end=\"2192\">Droit d\u2019acc\u00e8s \u00e0 vos donn\u00e9es<\/p>\n<\/li>\n<li data-start=\"2193\" data-end=\"2237\">\n<p data-start=\"2195\" data-end=\"2237\">Droit de rectification ou de suppression<\/p>\n<\/li>\n<li data-start=\"2238\" data-end=\"2274\">\n<p data-start=\"2240\" data-end=\"2274\">Droit d\u2019opposition au traitement<\/p>\n<\/li>\n<li data-start=\"2275\" data-end=\"2314\">\n<p data-start=\"2277\" data-end=\"2314\">Droit \u00e0 la limitation du traitement<\/p>\n<\/li>\n<li data-start=\"2315\" data-end=\"2351\">\n<p data-start=\"2317\" data-end=\"2351\">Droit \u00e0 la portabilit\u00e9 des donn\u00e9es<\/p>\n<\/li>\n<\/ul>\n<p data-start=\"2353\" data-end=\"2457\">Pour exercer vos droits, veuillez nous contacter \u00e0 : <strong data-start=\"2406\" data-end=\"2457\">gold-auto2@wanadoo.fr<\/strong><\/p>\n<hr data-start=\"2459\" data-end=\"2462\">\n<h3 data-start=\"2464\" data-end=\"2482\"><strong data-start=\"2468\" data-end=\"2482\">7. Contact<\/strong><\/h3>\n<p data-start=\"2484\" data-end=\"2606\">Pour toute question concernant cette politique de confidentialit\u00e9 ou vos donn\u00e9es personnelles, veuillez nous contacter \u00e0 :&nbsp;<br><span style=\"font-weight: bolder;\">gold-auto2@wanadoo.fr<\/span><\/p>\n<hr data-start=\"2726\" data-end=\"2729\">\n<p data-start=\"2731\" data-end=\"2856\" data-is-last-node=\"\" data-is-only-node=\"\">\n<\/p>\t\t\t\t\t\t\t\t<\/div>\n\t\t\t\t<\/div>\n\t\t\t\t\t<\/div>\n\t\t\t\t<\/div>\n\t\t\t\t<\/div>\n\t\t","protected":false},"excerpt":{"rendered":"<p>Politique de Confidentialit\u00e9 Chez Gold Auto Auvergne, nous attachons une grande importance \u00e0 la protection de vos donn\u00e9es personnelles. Cette politique de confidentialit\u00e9 a pour but de vous informer de mani\u00e8re claire et transparente sur la mani\u00e8re dont nous collectons, utilisons et prot\u00e9geons vos informations personnelles. 1. Donn\u00e9es collect\u00e9es Nous pouvons collecter les informations suivantes [&hellip;]<\/p>\n","protected":false},"author":1,"featured_media":0,"parent":0,"menu_order":0,"comment_status":"closed","ping_status":"closed","template":"elementor_header_footer","meta":{"footnotes":""},"class_list":["post-97","page","type-page","status-publish","hentry"],"_links":{"self":[{"href":"https:\/\/goldautoauvergne.fr\/index.php\/wp-json\/wp\/v2\/pages\/97","targetHints":{"allow":["GET"]}}],"collection":[{"href":"https:\/\/goldautoauvergne.fr\/index.php\/wp-json\/wp\/v2\/pages"}],"about":[{"href":"https:\/\/goldautoauvergne.fr\/index.php\/wp-json\/wp\/v2\/types\/page"}],"author":[{"embeddable":true,"href":"https:\/\/goldautoauvergne.fr\/index.php\/wp-json\/wp\/v2\/users\/1"}],"replies":[{"embeddable":true,"href":"https:\/\/goldautoauvergne.fr\/index.php\/wp-json\/wp\/v2\/comments?post=97"}],"version-history":[{"count":32,"href":"https:\/\/goldautoauvergne.fr\/index.php\/wp-json\/wp\/v2\/pages\/97\/revisions"}],"predecessor-version":[{"id":283,"href":"https:\/\/goldautoauvergne.fr\/index.php\/wp-json\/wp\/v2\/pages\/97\/revisions\/283"}],"wp:attachment":[{"href":"https:\/\/goldautoauvergne.fr\/index.php\/wp-json\/wp\/v2\/media?parent=97"}],"curies":[{"name":"wp","href":"https:\/\/api.w.org\/{rel}","templated":true}]}}